{"id":10793,"date":"2023-10-16T12:20:55","date_gmt":"2023-10-16T12:20:55","guid":{"rendered":"https:\/\/kcicconsulting.com\/YouthADAPT\/?page_id=10793"},"modified":"2023-10-16T20:31:08","modified_gmt":"2023-10-16T20:31:08","slug":"criteres-deligibilite","status":"publish","type":"page","link":"https:\/\/kcicconsulting.com\/YouthADAPT\/criteres-deligibilite\/","title":{"rendered":"Crit\u00e8res d&#8217;\u00e9ligibilit\u00e9"},"content":{"rendered":"\t\t<div data-elementor-type=\"wp-page\" data-elementor-id=\"10793\" class=\"elementor elementor-10793\">\n\t\t\t\t\t\t<section class=\"elementor-section elementor-top-section elementor-element elementor-element-d38b338 elementor-section-boxed elementor-section-height-default elementor-section-height-default\" data-id=\"d38b338\" data-element_type=\"section\" data-settings=\"{&quot;background_background&quot;:&quot;classic&quot;}\">\n\t\t\t\t\t\t<div class=\"elementor-container elementor-column-gap-default\">\n\t\t\t\t\t<div class=\"elementor-column elementor-col-100 elementor-top-column elementor-element elementor-element-3d95dc5\" data-id=\"3d95dc5\" data-element_type=\"column\">\n\t\t\t<div class=\"elementor-widget-wrap elementor-element-populated\">\n\t\t\t\t\t\t<section class=\"elementor-section elementor-inner-section elementor-element elementor-element-ce6c4a4 elementor-section-boxed elementor-section-height-default elementor-section-height-default\" data-id=\"ce6c4a4\" data-element_type=\"section\">\n\t\t\t\t\t\t<div class=\"elementor-container elementor-column-gap-default\">\n\t\t\t\t\t<div class=\"elementor-column elementor-col-100 elementor-inner-column elementor-element elementor-element-4095956\" data-id=\"4095956\" data-element_type=\"column\">\n\t\t\t<div class=\"elementor-widget-wrap\">\n\t\t\t\t\t\t\t<\/div>\n\t\t<\/div>\n\t\t\t\t\t<\/div>\n\t\t<\/section>\n\t\t\t\t<section class=\"elementor-section elementor-inner-section elementor-element elementor-element-b6f4907 elementor-section-boxed elementor-section-height-default elementor-section-height-default\" data-id=\"b6f4907\" data-element_type=\"section\">\n\t\t\t\t\t\t<div class=\"elementor-container elementor-column-gap-default\">\n\t\t\t\t\t<div class=\"elementor-column elementor-col-50 elementor-inner-column elementor-element elementor-element-cc1a1c7\" data-id=\"cc1a1c7\" data-element_type=\"column\">\n\t\t\t<div class=\"elementor-widget-wrap elementor-element-populated\">\n\t\t\t\t\t\t<div class=\"elementor-element elementor-element-295ac8a elementor-widget elementor-widget-hub_fancy_heading\" data-id=\"295ac8a\" data-element_type=\"widget\" data-widget_type=\"hub_fancy_heading.default\">\n\t\t\t\t<div class=\"elementor-widget-container\">\n\t\t\t\n\t\t<div id=\"ld-fancy-heading-69f1d2ed45fa6\" class=\"ld-fancy-heading pos-rel\">\n\t\t\t<h1 class=\"ld-fh-element d-inline-block pos-rel  elementor-heading-title lqd-highlight-classic lqd-highlight-grow-left h1\"  > Crit\u00e8res d'\u00e9ligibilit\u00e9<\/h1>\t\t<\/div>\n\n\t\t\t\t<\/div>\n\t\t\t\t<\/div>\n\t\t\t\t\t<\/div>\n\t\t<\/div>\n\t\t\t\t<div class=\"elementor-column elementor-col-50 elementor-inner-column elementor-element elementor-element-acfafa9\" data-id=\"acfafa9\" data-element_type=\"column\">\n\t\t\t<div class=\"elementor-widget-wrap\">\n\t\t\t\t\t\t\t<\/div>\n\t\t<\/div>\n\t\t\t\t\t<\/div>\n\t\t<\/section>\n\t\t\t\t\t<\/div>\n\t\t<\/div>\n\t\t\t\t\t<\/div>\n\t\t<\/section>\n\t\t\t\t<section class=\"elementor-section elementor-top-section elementor-element elementor-element-7d28770 elementor-section-content-middle elementor-section-boxed elementor-section-height-default elementor-section-height-default\" data-id=\"7d28770\" data-element_type=\"section\">\n\t\t\t\t\t\t<div class=\"elementor-container elementor-column-gap-extended\">\n\t\t\t\t\t<div class=\"elementor-column elementor-col-50 elementor-top-column elementor-element elementor-element-54e79ce\" data-id=\"54e79ce\" data-element_type=\"column\">\n\t\t\t<div class=\"elementor-widget-wrap elementor-element-populated\">\n\t\t\t\t\t\t<div class=\"elementor-element elementor-element-fdffcfa elementor-widget elementor-widget-hub_fancy_heading\" data-id=\"fdffcfa\" data-element_type=\"widget\" data-widget_type=\"hub_fancy_heading.default\">\n\t\t\t\t<div class=\"elementor-widget-container\">\n\t\t\t\n\t\t<div id=\"ld-fancy-heading-69f1d2ed49316\" class=\"ld-fancy-heading pos-rel\">\n\t\t\t<h2 class=\"ld-fh-element d-inline-block pos-rel  elementor-heading-title lqd-highlight-classic lqd-highlight-grow-left text-vertical h2\"  > Crit\u00e8res <\/h2>\t\t<\/div>\n\n\t\t\t\t<\/div>\n\t\t\t\t<\/div>\n\t\t\t\t\t<\/div>\n\t\t<\/div>\n\t\t\t\t<div class=\"elementor-column elementor-col-50 elementor-top-column elementor-element elementor-element-016b755\" data-id=\"016b755\" data-element_type=\"column\">\n\t\t\t<div class=\"elementor-widget-wrap elementor-element-populated\">\n\t\t\t\t\t\t<div class=\"elementor-element elementor-element-a99084a elementor-widget elementor-widget-ld_accordion\" data-id=\"a99084a\" data-element_type=\"widget\" data-widget_type=\"ld_accordion.default\">\n\t\t\t\t<div class=\"elementor-widget-container\">\n\t\t\t\n\t\t<div class=\"accordion accordion-body-underlined accordion-lg\" id=\"accordion-69f1d2ed5c528\" role=\"tablist\" aria-multiselectable=\"true\">\n\t\t\t\t\t\t\t\t\t\t\t\t<div class=\"accordion-item panel  active\">\n\n\t\t\t\t<div class=\"accordion-heading\" role=\"tab\" id=\"heading-1771\">\n\t\t\t\t<h4 class=\"accordion-title  tabindex=\"-1\">\t\t\t\t\t<a class=\"\" role=\"button\" data-toggle=\"collapse\" data-bs-toggle=\"collapse\"\n                    tabindex=\"0\"\n\t\t\t\t\tdata-parent=\"#accordion-69f1d2ed5c528\" data-bs-parent=\"#accordion-69f1d2ed5c528\" href=\"#collapse-1771\" data-target=\"#collapse-1771\" data-bs-target=\"#collapse-1771\"\n\t\t\t\t\taria-expanded=\"true\" aria-controls=\"collapse-1771\">\n\t\t\t\t\t\t\t\t\t\t\t\t<span class=\"accordion-title-txt\"><span style=\"font-size: 1.35em; margin-inline-end: 1em; vertical-align: middle;\">01<\/span>\u00c2ge<\/span>\n\t\t\t\t\t\t\t\t\t\t\t\t\t<span class=\"accordion-expander\"><i class=\"lqd-icn-ess icon-ion-ios-add\"><\/i><i class=\"lqd-icn-ess icon-ion-ios-remove\"><\/i><\/span>\t\t\t\t\t\t\t\t\t\t\t<\/a>\n\t\t\t\t<\/h4>\t\t\t\t<\/div>\n\n\t\t\t\t<div id=\"collapse-1771\" class=\"accordion-collapse collapse  show\" data-bs-parent=\"#accordion-69f1d2ed5c528\" role=\"tabpanel\" aria-labelledby=\"heading-1771\">\n\n\t\t\t\t<div class=\"accordion-content\">\n\t\t\t\t\t<p>L'entrepreneur doit \u00eatre \u00e2g\u00e9 de 18 \u00e0 35 ans.<\/p>\t\t\t\t<\/div>\n\n\t\t\t\t<\/div>\n\n\t\t\t<\/div>\n\t\t\t\t\t\t\t\t\t<div class=\"accordion-item panel \">\n\n\t\t\t\t<div class=\"accordion-heading\" role=\"tab\" id=\"heading-1772\">\n\t\t\t\t<h4 class=\"accordion-title  tabindex=\"-1\">\t\t\t\t\t<a class=\"collapsed\" role=\"button\" data-toggle=\"collapse\" data-bs-toggle=\"collapse\"\n                    tabindex=\"0\"\n\t\t\t\t\tdata-parent=\"#accordion-69f1d2ed5c528\" data-bs-parent=\"#accordion-69f1d2ed5c528\" href=\"#collapse-1772\" data-target=\"#collapse-1772\" data-bs-target=\"#collapse-1772\"\n\t\t\t\t\taria-expanded=\"false\" aria-controls=\"collapse-1772\">\n\t\t\t\t\t\t\t\t\t\t\t\t<span class=\"accordion-title-txt\"><span style=\"font-size: 1.35em; margin-inline-end: 1em; vertical-align: middle;\">02<\/span> Citoyennet\u00e9 du fondateur<\/span>\n\t\t\t\t\t\t\t\t\t\t\t\t\t<span class=\"accordion-expander\"><i class=\"lqd-icn-ess icon-ion-ios-add\"><\/i><i class=\"lqd-icn-ess icon-ion-ios-remove\"><\/i><\/span>\t\t\t\t\t\t\t\t\t\t\t<\/a>\n\t\t\t\t<\/h4>\t\t\t\t<\/div>\n\n\t\t\t\t<div id=\"collapse-1772\" class=\"accordion-collapse collapse \" data-bs-parent=\"#accordion-69f1d2ed5c528\" role=\"tabpanel\" aria-labelledby=\"heading-1772\">\n\n\t\t\t\t<div class=\"accordion-content\">\n\t\t\t\t\t<p><em>Le fondateur doit \u00eatre de nationalit\u00e9 africaine.<\/em><\/p><p><em>Le fondateur doit jouer un r\u00f4le actif dans les op\u00e9rations de l'entreprise.<\/em><\/p>\t\t\t\t<\/div>\n\n\t\t\t\t<\/div>\n\n\t\t\t<\/div>\n\t\t\t\t\t\t\t\t\t<div class=\"accordion-item panel \">\n\n\t\t\t\t<div class=\"accordion-heading\" role=\"tab\" id=\"heading-1773\">\n\t\t\t\t<h4 class=\"accordion-title  tabindex=\"-1\">\t\t\t\t\t<a class=\"collapsed\" role=\"button\" data-toggle=\"collapse\" data-bs-toggle=\"collapse\"\n                    tabindex=\"0\"\n\t\t\t\t\tdata-parent=\"#accordion-69f1d2ed5c528\" data-bs-parent=\"#accordion-69f1d2ed5c528\" href=\"#collapse-1773\" data-target=\"#collapse-1773\" data-bs-target=\"#collapse-1773\"\n\t\t\t\t\taria-expanded=\"false\" aria-controls=\"collapse-1773\">\n\t\t\t\t\t\t\t\t\t\t\t\t<span class=\"accordion-title-txt\"><span style=\"font-size: 1.35em; margin-inline-end: 1em; vertical-align: middle;\">03<\/span> G\u00e9ographie et enregistrement l\u00e9gal de l'entreprise<\/span>\n\t\t\t\t\t\t\t\t\t\t\t\t\t<span class=\"accordion-expander\"><i class=\"lqd-icn-ess icon-ion-ios-add\"><\/i><i class=\"lqd-icn-ess icon-ion-ios-remove\"><\/i><\/span>\t\t\t\t\t\t\t\t\t\t\t<\/a>\n\t\t\t\t<\/h4>\t\t\t\t<\/div>\n\n\t\t\t\t<div id=\"collapse-1773\" class=\"accordion-collapse collapse \" data-bs-parent=\"#accordion-69f1d2ed5c528\" role=\"tabpanel\" aria-labelledby=\"heading-1773\">\n\n\t\t\t\t<div class=\"accordion-content\">\n\t\t\t\t\tL'entreprise doit \u00eatre l\u00e9galement enregistr\u00e9e en Afrique.\t\t\t\t<\/div>\n\n\t\t\t\t<\/div>\n\n\t\t\t<\/div>\n\t\t\t\t\t\t\t\t\t<div class=\"accordion-item panel \">\n\n\t\t\t\t<div class=\"accordion-heading\" role=\"tab\" id=\"heading-1774\">\n\t\t\t\t<h4 class=\"accordion-title  tabindex=\"-1\">\t\t\t\t\t<a class=\"collapsed\" role=\"button\" data-toggle=\"collapse\" data-bs-toggle=\"collapse\"\n                    tabindex=\"0\"\n\t\t\t\t\tdata-parent=\"#accordion-69f1d2ed5c528\" data-bs-parent=\"#accordion-69f1d2ed5c528\" href=\"#collapse-1774\" data-target=\"#collapse-1774\" data-bs-target=\"#collapse-1774\"\n\t\t\t\t\taria-expanded=\"false\" aria-controls=\"collapse-1774\">\n\t\t\t\t\t\t\t\t\t\t\t\t<span class=\"accordion-title-txt\"><span style=\"font-size: 1.35em; margin-inline-end: 1em; vertical-align: middle;\">04<\/span> Rentabilit\u00e9<\/span>\n\t\t\t\t\t\t\t\t\t\t\t\t\t<span class=\"accordion-expander\"><i class=\"lqd-icn-ess icon-ion-ios-add\"><\/i><i class=\"lqd-icn-ess icon-ion-ios-remove\"><\/i><\/span>\t\t\t\t\t\t\t\t\t\t\t<\/a>\n\t\t\t\t<\/h4>\t\t\t\t<\/div>\n\n\t\t\t\t<div id=\"collapse-1774\" class=\"accordion-collapse collapse \" data-bs-parent=\"#accordion-69f1d2ed5c528\" role=\"tabpanel\" aria-labelledby=\"heading-1774\">\n\n\t\t\t\t<div class=\"accordion-content\">\n\t\t\t\t\tL'entreprise doit avoir g\u00e9n\u00e9r\u00e9 des b\u00e9n\u00e9fices au cours des deux derni\u00e8res ann\u00e9es.\t\t\t\t<\/div>\n\n\t\t\t\t<\/div>\n\n\t\t\t<\/div>\n\t\t\t\t\t\t\t\t\t<div class=\"accordion-item panel \">\n\n\t\t\t\t<div class=\"accordion-heading\" role=\"tab\" id=\"heading-1775\">\n\t\t\t\t<h4 class=\"accordion-title  tabindex=\"-1\">\t\t\t\t\t<a class=\"collapsed\" role=\"button\" data-toggle=\"collapse\" data-bs-toggle=\"collapse\"\n                    tabindex=\"0\"\n\t\t\t\t\tdata-parent=\"#accordion-69f1d2ed5c528\" data-bs-parent=\"#accordion-69f1d2ed5c528\" href=\"#collapse-1775\" data-target=\"#collapse-1775\" data-bs-target=\"#collapse-1775\"\n\t\t\t\t\taria-expanded=\"false\" aria-controls=\"collapse-1775\">\n\t\t\t\t\t\t\t\t\t\t\t\t<span class=\"accordion-title-txt\"><span style=\"font-size: 1.35em; margin-inline-end: 1em; vertical-align: middle;\">05<\/span> Impact \/ Adaptation au climat<\/span>\n\t\t\t\t\t\t\t\t\t\t\t\t\t<span class=\"accordion-expander\"><i class=\"lqd-icn-ess icon-ion-ios-add\"><\/i><i class=\"lqd-icn-ess icon-ion-ios-remove\"><\/i><\/span>\t\t\t\t\t\t\t\t\t\t\t<\/a>\n\t\t\t\t<\/h4>\t\t\t\t<\/div>\n\n\t\t\t\t<div id=\"collapse-1775\" class=\"accordion-collapse collapse \" data-bs-parent=\"#accordion-69f1d2ed5c528\" role=\"tabpanel\" aria-labelledby=\"heading-1775\">\n\n\t\t\t\t<div class=\"accordion-content\">\n\t\t\t\t\t<p>L'entreprise doit d\u00e9montrer un impact direct sur l'adaptation au changement climatique et la r\u00e9silience.<\/p><ol><li>Mod\u00e9lisation et simulation du climat.<\/li><li>L'IoT et l'analyse des donn\u00e9es.<\/li><li>Infrastructure intelligente.<\/li><li>T\u00e9l\u00e9d\u00e9tection et technologie satellitaire.<\/li><li>La blockchain au service de la r\u00e9silience.<\/li><li>Urbanisme et design.<\/li><li>L'IA au service de l'\u00e9valuation des risques.<\/li><li>Intervention en cas de sinistre et reprise apr\u00e8s sinistre.<\/li><li>Engagement communautaire et \u00e9ducation.<\/li><li>Restauration des \u00e9cosyst\u00e8mes naturels<\/li><li>Syst\u00e8mes d'alerte pr\u00e9coce.<\/li><li>Surveillance et maintenance de l'infrastructure.<\/li><\/ol>\t\t\t\t<\/div>\n\n\t\t\t\t<\/div>\n\n\t\t\t<\/div>\n\t\t\t\t\t\t\t\t\t<div class=\"accordion-item panel \">\n\n\t\t\t\t<div class=\"accordion-heading\" role=\"tab\" id=\"heading-1776\">\n\t\t\t\t<h4 class=\"accordion-title  tabindex=\"-1\">\t\t\t\t\t<a class=\"collapsed\" role=\"button\" data-toggle=\"collapse\" data-bs-toggle=\"collapse\"\n                    tabindex=\"0\"\n\t\t\t\t\tdata-parent=\"#accordion-69f1d2ed5c528\" data-bs-parent=\"#accordion-69f1d2ed5c528\" href=\"#collapse-1776\" data-target=\"#collapse-1776\" data-bs-target=\"#collapse-1776\"\n\t\t\t\t\taria-expanded=\"false\" aria-controls=\"collapse-1776\">\n\t\t\t\t\t\t\t\t\t\t\t\t<span class=\"accordion-title-txt\"><span style=\"font-size: 1.35em; margin-inline-end: 1em; vertical-align: middle;\">06<\/span> Genre <\/span>\n\t\t\t\t\t\t\t\t\t\t\t\t\t<span class=\"accordion-expander\"><i class=\"lqd-icn-ess icon-ion-ios-add\"><\/i><i class=\"lqd-icn-ess icon-ion-ios-remove\"><\/i><\/span>\t\t\t\t\t\t\t\t\t\t\t<\/a>\n\t\t\t\t<\/h4>\t\t\t\t<\/div>\n\n\t\t\t\t<div id=\"collapse-1776\" class=\"accordion-collapse collapse \" data-bs-parent=\"#accordion-69f1d2ed5c528\" role=\"tabpanel\" aria-labelledby=\"heading-1776\">\n\n\t\t\t\t<div class=\"accordion-content\">\n\t\t\t\t\tSeules les entreprises appartenant \u00e0 des femmes sont admissibles. >51 % de l'actionnariat devrait \u00eatre f\u00e9minin. \t\t\t\t<\/div>\n\n\t\t\t\t<\/div>\n\n\t\t\t<\/div>\n\t\t\t\t\t\t\t\t\t<div class=\"accordion-item panel \">\n\n\t\t\t\t<div class=\"accordion-heading\" role=\"tab\" id=\"heading-1777\">\n\t\t\t\t<h4 class=\"accordion-title  tabindex=\"-1\">\t\t\t\t\t<a class=\"collapsed\" role=\"button\" data-toggle=\"collapse\" data-bs-toggle=\"collapse\"\n                    tabindex=\"0\"\n\t\t\t\t\tdata-parent=\"#accordion-69f1d2ed5c528\" data-bs-parent=\"#accordion-69f1d2ed5c528\" href=\"#collapse-1777\" data-target=\"#collapse-1777\" data-bs-target=\"#collapse-1777\"\n\t\t\t\t\taria-expanded=\"false\" aria-controls=\"collapse-1777\">\n\t\t\t\t\t\t\t\t\t\t\t\t<span class=\"accordion-title-txt\"><span style=\"font-size: 1.35em; margin-inline-end: 1em; vertical-align: middle;\">07<\/span> Industrie<\/span>\n\t\t\t\t\t\t\t\t\t\t\t\t\t<span class=\"accordion-expander\"><i class=\"lqd-icn-ess icon-ion-ios-add\"><\/i><i class=\"lqd-icn-ess icon-ion-ios-remove\"><\/i><\/span>\t\t\t\t\t\t\t\t\t\t\t<\/a>\n\t\t\t\t<\/h4>\t\t\t\t<\/div>\n\n\t\t\t\t<div id=\"collapse-1777\" class=\"accordion-collapse collapse \" data-bs-parent=\"#accordion-69f1d2ed5c528\" role=\"tabpanel\" aria-labelledby=\"heading-1777\">\n\n\t\t\t\t<div class=\"accordion-content\">\n\t\t\t\t\t<p>Doit \u00eatre dans les technologies de la quatri\u00e8me r\u00e9volution industrielle (4IR)<\/p><ul><li>Intelligence artificielle, par exemple la surveillance des cultures, la pr\u00e9vision des conditions m\u00e9t\u00e9orologiques extr\u00eames, etc.<\/li><li>Analyse de donn\u00e9es volumineuses, par exemple l'\u00e9valuation des risques de catastrophes naturelles, la mod\u00e9lisation climatique, etc.<\/li><li>Blockchain, par exemple la transparence de la cha\u00eene d'approvisionnement, l'\u00e9change de cr\u00e9dits carbone, etc.<\/li><\/ul>\t\t\t\t<\/div>\n\n\t\t\t\t<\/div>\n\n\t\t\t<\/div>\n\t\t\t\t\t\t\n\t\t<\/div>\n\n\t\t\t\t<\/div>\n\t\t\t\t<\/div>\n\t\t\t\t\t<\/div>\n\t\t<\/div>\n\t\t\t\t\t<\/div>\n\t\t<\/section>\n\t\t\t\t<section class=\"elementor-section elementor-top-section elementor-element elementor-element-b9fcc8e elementor-section-boxed elementor-section-height-default elementor-section-height-default\" data-id=\"b9fcc8e\" data-element_type=\"section\" data-settings=\"{&quot;background_background&quot;:&quot;gradient&quot;}\">\n\t\t\t\t\t\t<div class=\"elementor-container elementor-column-gap-default\">\n\t\t\t\t\t<div class=\"elementor-column elementor-col-100 elementor-top-column elementor-element elementor-element-f09d2a3\" data-id=\"f09d2a3\" data-element_type=\"column\">\n\t\t\t<div class=\"elementor-widget-wrap\">\n\t\t\t\t\t\t\t<\/div>\n\t\t<\/div>\n\t\t\t\t\t<\/div>\n\t\t<\/section>\n\t\t<div class=\"elementor-element elementor-element-1f106de e-flex e-con-boxed e-con e-parent\" data-id=\"1f106de\" data-element_type=\"container\" data-settings=\"{&quot;content_width&quot;:&quot;boxed&quot;}\" data-core-v316-plus=\"true\">\n\t\t\t\t\t<div class=\"e-con-inner\">\n\t\t<div class=\"elementor-element elementor-element-a1e66b4 e-con-full e-flex e-con e-child\" data-id=\"a1e66b4\" data-element_type=\"container\" data-settings=\"{&quot;content_width&quot;:&quot;full&quot;}\">\n\t\t\t\t<\/div>\n\t\t<div class=\"elementor-element elementor-element-9eb7de4 e-con-full e-flex e-con e-child\" data-id=\"9eb7de4\" data-element_type=\"container\" data-settings=\"{&quot;content_width&quot;:&quot;full&quot;}\">\n\t\t\t\t<div class=\"elementor-element elementor-element-c7d709f elementor-widget elementor-widget-text-editor\" data-id=\"c7d709f\" data-element_type=\"widget\" data-widget_type=\"text-editor.default\">\n\t\t\t\t<div class=\"elementor-widget-container\">\n\t\t\t<style>\/*! elementor - v3.19.0 - 29-01-2024 *\/\n.elementor-widget-text-editor.elementor-drop-cap-view-stacked .elementor-drop-cap{background-color:#69727d;color:#fff}.elementor-widget-text-editor.elementor-drop-cap-view-framed .elementor-drop-cap{color:#69727d;border:3px solid;background-color:transparent}.elementor-widget-text-editor:not(.elementor-drop-cap-view-default) .elementor-drop-cap{margin-top:8px}.elementor-widget-text-editor:not(.elementor-drop-cap-view-default) .elementor-drop-cap-letter{width:1em;height:1em}.elementor-widget-text-editor .elementor-drop-cap{float:left;text-align:center;line-height:1;font-size:50px}.elementor-widget-text-editor .elementor-drop-cap-letter{display:inline-block}<\/style>\t\t\t\t<ol><li><strong><span style=\"vertical-align: inherit;\"><span style=\"vertical-align: inherit;\">Only solutions that demonstrate responsible<\/span><\/span><\/strong><span style=\"vertical-align: inherit;\"><span style=\"vertical-align: inherit;\"> and ethical use of Fourth Industrial Revolution <\/span><\/span><strong><span style=\"vertical-align: inherit;\"><span style=\"vertical-align: inherit;\">(4IR)<\/span><\/span><\/strong><span style=\"vertical-align: inherit;\"><span style=\"vertical-align: inherit;\"> technologies to ensure that they benefit society while safeguarding individual rights, privacy, and the environment will be eligible.<\/span><\/span><\/li><li><strong><span style=\"vertical-align: inherit;\"><span style=\"vertical-align: inherit;\">The entrepreneur MUST NOT<\/span><\/span><\/strong><span style=\"vertical-align: inherit;\"><span style=\"vertical-align: inherit;\"> bear any criminal record related to corruption, tax evasion, financial impropriety, felony or other offenses<\/span><\/span><\/li><li><strong><span style=\"vertical-align: inherit;\"><span style=\"vertical-align: inherit;\">Applicants must adhere<\/span><\/span><\/strong><span style=\"vertical-align: inherit;\"><span style=\"vertical-align: inherit;\"> to fill all sections of the application form (incomplete forms will be rejected).<\/span><\/span><\/li><\/ol>\t\t\t\t\t\t<\/div>\n\t\t\t\t<\/div>\n\t\t\t\t<\/div>\n\t\t<div class=\"elementor-element elementor-element-3c17b2c e-con-full e-flex e-con e-child\" data-id=\"3c17b2c\" data-element_type=\"container\" data-settings=\"{&quot;content_width&quot;:&quot;full&quot;}\">\n\t\t\t\t<\/div>\n\t\t\t\t\t<\/div>\n\t\t\t\t<\/div>\n\t\t\t\t<\/div>\n\t\t","protected":false},"excerpt":{"rendered":"<p>Crit\u00e8res d&#8217;\u00e9ligibilit\u00e9 Crit\u00e8res 02 Citoyennet\u00e9 du fondateur Le fondateur doit \u00eatre de nationalit\u00e9 africaine. Le fondateur doit jouer un r\u00f4le actif dans les op\u00e9rations de l&#8217;entreprise. 04 Rentabilit\u00e9 L&#8217;entreprise doit avoir g\u00e9n\u00e9r\u00e9 des b\u00e9n\u00e9fices au cours des deux derni\u00e8res ann\u00e9es. 06 Genre Seules les entreprises appartenant \u00e0 des femmes sont admissibles. >51 % de l&#8217;actionnariat [&hellip;]<\/p>\n","protected":false},"author":1,"featured_media":0,"parent":0,"menu_order":0,"comment_status":"closed","ping_status":"closed","template":"","meta":{"_monsterinsights_skip_tracking":false,"_monsterinsights_sitenote_active":false,"_monsterinsights_sitenote_note":"","_monsterinsights_sitenote_category":0,"footnotes":""},"class_list":["post-10793","page","type-page","status-publish","hentry"],"_links":{"self":[{"href":"https:\/\/kcicconsulting.com\/YouthADAPT\/wp-json\/wp\/v2\/pages\/10793","targetHints":{"allow":["GET"]}}],"collection":[{"href":"https:\/\/kcicconsulting.com\/YouthADAPT\/wp-json\/wp\/v2\/pages"}],"about":[{"href":"https:\/\/kcicconsulting.com\/YouthADAPT\/wp-json\/wp\/v2\/types\/page"}],"author":[{"embeddable":true,"href":"https:\/\/kcicconsulting.com\/YouthADAPT\/wp-json\/wp\/v2\/users\/1"}],"replies":[{"embeddable":true,"href":"https:\/\/kcicconsulting.com\/YouthADAPT\/wp-json\/wp\/v2\/comments?post=10793"}],"version-history":[{"count":16,"href":"https:\/\/kcicconsulting.com\/YouthADAPT\/wp-json\/wp\/v2\/pages\/10793\/revisions"}],"predecessor-version":[{"id":11036,"href":"https:\/\/kcicconsulting.com\/YouthADAPT\/wp-json\/wp\/v2\/pages\/10793\/revisions\/11036"}],"wp:attachment":[{"href":"https:\/\/kcicconsulting.com\/YouthADAPT\/wp-json\/wp\/v2\/media?parent=10793"}],"curies":[{"name":"wp","href":"https:\/\/api.w.org\/{rel}","templated":true}]}}